{"id":2195,"date":"2019-11-14T08:10:30","date_gmt":"2019-11-14T08:10:30","guid":{"rendered":"https:\/\/www.symbion-int.com\/profile\/our-approach\/"},"modified":"2022-04-17T17:35:01","modified_gmt":"2022-04-17T17:35:01","slug":"notre-approche","status":"publish","type":"page","link":"https:\/\/www.symbion-int.com\/fr\/profile\/notre-approche\/","title":{"rendered":"Notre Approche"},"content":{"rendered":"<p>Nous servons ceux qui souhaitent cr\u00e9er des espaces dans lesquels leur mode de vie et leurs moyens de subsistance peuvent prosp\u00e9rer, tout en embrassant et en ajoutant de la valeur au paysage Africain.<\/p>\n<p>&nbsp;<\/p>\n<p>L&rsquo;architecture africaine n&rsquo;est plus seulement une question de fonctionnalit\u00e9 et de rentabilit\u00e9. Nous croyons qu&rsquo;il s&rsquo;agit d&rsquo;une conscience \u00e9mergente d&rsquo;un continent au bord d&rsquo;un changement durable dans une \u00e9conomie mondialis\u00e9e.<\/p>\n<p>&nbsp;<\/p>\n<p>Guid\u00e9s par les principes d&rsquo;int\u00e9grit\u00e9, de personnes, d&rsquo;innovation, de collaboration et d&rsquo;excellence, nous nous engageons \u00e0 d\u00e9velopper une architecture qui non seulement rend hommage \u00e0 son contexte, mais qui c\u00e9l\u00e8bre aussi vraiment qui sont nos clients.<\/p>\n","protected":false},"excerpt":{"rendered":"<p>Nous servons ceux qui souhaitent cr\u00e9er des espaces dans lesquels leur mode de vie et leurs moyens de subsistance peuvent prosp\u00e9rer, tout en embrassant et en ajoutant de la valeur au paysage Africain. &nbsp; L&rsquo;architecture africaine n&rsquo;est plus seulement une question de fonctionnalit\u00e9 et de rentabilit\u00e9. Nous croyons [&hellip;]<\/p>\n","protected":false},"author":1,"featured_media":1531,"parent":1916,"menu_order":0,"comment_status":"closed","ping_status":"closed","template":"","meta":{"_acf_changed":false,"footnotes":""},"class_list":["post-2195","page","type-page","status-publish","has-post-thumbnail","hentry"],"acf":[],"yoast_head":"<!-- This site is optimized with the Yoast SEO plugin v27.5 - https:\/\/yoast.com\/product\/yoast-seo-wordpress\/ -->\n<title>Notre Approche - Symbion Consulting Group<\/title>\n<meta name=\"robots\" content=\"index, follow, max-snippet:-1, max-image-preview:large, max-video-preview:-1\" \/>\n<link rel=\"canonical\" href=\"https:\/\/www.symbion-int.com\/fr\/profile\/notre-approche\/\" \/>\n<meta property=\"og:locale\" content=\"fr_FR\" \/>\n<meta property=\"og:type\" content=\"article\" \/>\n<meta property=\"og:title\" content=\"Notre Approche - Symbion Consulting Group\" \/>\n<meta property=\"og:description\" content=\"Nous servons ceux qui souhaitent cr\u00e9er des espaces dans lesquels leur mode de vie et leurs moyens de subsistance peuvent prosp\u00e9rer, tout en embrassant et en ajoutant de la valeur au paysage Africain. &nbsp; L&rsquo;architecture africaine n&rsquo;est plus seulement une question de fonctionnalit\u00e9 et de rentabilit\u00e9. Nous croyons [&hellip;]\" \/>\n<meta property=\"og:url\" content=\"https:\/\/www.symbion-int.com\/fr\/profile\/notre-approche\/\" \/>\n<meta property=\"og:site_name\" content=\"Symbion Consulting Group\" \/>\n<meta property=\"article:publisher\" content=\"https:\/\/www.facebook.com\/Symbion-Consulting-Group-320156054751160\/\" \/>\n<meta property=\"article:modified_time\" content=\"2022-04-17T17:35:01+00:00\" \/>\n<meta property=\"og:image\" content=\"https:\/\/www.symbion-int.com\/wp-content\/uploads\/2019\/11\/skl-studio.jpg\" \/>\n\t<meta property=\"og:image:width\" content=\"1920\" \/>\n\t<meta property=\"og:image:height\" content=\"1080\" \/>\n\t<meta property=\"og:image:type\" content=\"image\/jpeg\" \/>\n<meta name=\"twitter:card\" content=\"summary_large_image\" \/>\n<meta name=\"twitter:site\" content=\"@SymbionCG\" \/>\n<meta name=\"twitter:label1\" content=\"Dur\u00e9e de lecture estim\u00e9e\" \/>\n\t<meta name=\"twitter:data1\" content=\"1 minute\" \/>\n<script type=\"application\/ld+json\" class=\"yoast-schema-graph\">{\"@context\":\"https:\\\/\\\/schema.org\",\"@graph\":[{\"@type\":\"WebPage\",\"@id\":\"https:\\\/\\\/www.symbion-int.com\\\/fr\\\/profile\\\/notre-approche\\\/\",\"url\":\"https:\\\/\\\/www.symbion-int.com\\\/fr\\\/profile\\\/notre-approche\\\/\",\"name\":\"Notre Approche - Symbion Consulting Group\",\"isPartOf\":{\"@id\":\"https:\\\/\\\/www.symbion-int.com\\\/fr\\\/#website\"},\"primaryImageOfPage\":{\"@id\":\"https:\\\/\\\/www.symbion-int.com\\\/fr\\\/profile\\\/notre-approche\\\/#primaryimage\"},\"image\":{\"@id\":\"https:\\\/\\\/www.symbion-int.com\\\/fr\\\/profile\\\/notre-approche\\\/#primaryimage\"},\"thumbnailUrl\":\"https:\\\/\\\/www.symbion-int.com\\\/wp-content\\\/uploads\\\/2019\\\/11\\\/skl-studio.jpg\",\"datePublished\":\"2019-11-14T08:10:30+00:00\",\"dateModified\":\"2022-04-17T17:35:01+00:00\",\"breadcrumb\":{\"@id\":\"https:\\\/\\\/www.symbion-int.com\\\/fr\\\/profile\\\/notre-approche\\\/#breadcrumb\"},\"inLanguage\":\"fr-FR\",\"potentialAction\":[{\"@type\":\"ReadAction\",\"target\":[\"https:\\\/\\\/www.symbion-int.com\\\/fr\\\/profile\\\/notre-approche\\\/\"]}]},{\"@type\":\"ImageObject\",\"inLanguage\":\"fr-FR\",\"@id\":\"https:\\\/\\\/www.symbion-int.com\\\/fr\\\/profile\\\/notre-approche\\\/#primaryimage\",\"url\":\"https:\\\/\\\/www.symbion-int.com\\\/wp-content\\\/uploads\\\/2019\\\/11\\\/skl-studio.jpg\",\"contentUrl\":\"https:\\\/\\\/www.symbion-int.com\\\/wp-content\\\/uploads\\\/2019\\\/11\\\/skl-studio.jpg\",\"width\":1920,\"height\":1080},{\"@type\":\"BreadcrumbList\",\"@id\":\"https:\\\/\\\/www.symbion-int.com\\\/fr\\\/profile\\\/notre-approche\\\/#breadcrumb\",\"itemListElement\":[{\"@type\":\"ListItem\",\"position\":1,\"name\":\"Home\",\"item\":\"https:\\\/\\\/www.symbion-int.com\\\/fr\\\/\"},{\"@type\":\"ListItem\",\"position\":2,\"name\":\"Profil\",\"item\":\"https:\\\/\\\/www.symbion-int.com\\\/fr\\\/profile\\\/\"},{\"@type\":\"ListItem\",\"position\":3,\"name\":\"Notre Approche\"}]},{\"@type\":\"WebSite\",\"@id\":\"https:\\\/\\\/www.symbion-int.com\\\/fr\\\/#website\",\"url\":\"https:\\\/\\\/www.symbion-int.com\\\/fr\\\/\",\"name\":\"Symbion Consulting Group\",\"description\":\"Design Excellence\",\"publisher\":{\"@id\":\"https:\\\/\\\/www.symbion-int.com\\\/fr\\\/#organization\"},\"potentialAction\":[{\"@type\":\"SearchAction\",\"target\":{\"@type\":\"EntryPoint\",\"urlTemplate\":\"https:\\\/\\\/www.symbion-int.com\\\/fr\\\/?s={search_term_string}\"},\"query-input\":{\"@type\":\"PropertyValueSpecification\",\"valueRequired\":true,\"valueName\":\"search_term_string\"}}],\"inLanguage\":\"fr-FR\"},{\"@type\":\"Organization\",\"@id\":\"https:\\\/\\\/www.symbion-int.com\\\/fr\\\/#organization\",\"name\":\"Symbion Consulting Group\",\"url\":\"https:\\\/\\\/www.symbion-int.com\\\/fr\\\/\",\"logo\":{\"@type\":\"ImageObject\",\"inLanguage\":\"fr-FR\",\"@id\":\"https:\\\/\\\/www.symbion-int.com\\\/fr\\\/#\\\/schema\\\/logo\\\/image\\\/\",\"url\":\"https:\\\/\\\/www.symbion-int.com\\\/wp-content\\\/uploads\\\/2022\\\/04\\\/logo.png\",\"contentUrl\":\"https:\\\/\\\/www.symbion-int.com\\\/wp-content\\\/uploads\\\/2022\\\/04\\\/logo.png\",\"width\":182,\"height\":28,\"caption\":\"Symbion Consulting Group\"},\"image\":{\"@id\":\"https:\\\/\\\/www.symbion-int.com\\\/fr\\\/#\\\/schema\\\/logo\\\/image\\\/\"},\"sameAs\":[\"https:\\\/\\\/www.facebook.com\\\/Symbion-Consulting-Group-320156054751160\\\/\",\"https:\\\/\\\/x.com\\\/SymbionCG\",\"https:\\\/\\\/www.instagram.com\\\/symbion_consulting_group\\\/\",\"https:\\\/\\\/www.linkedin.com\\\/in\\\/symbion-consulting-group-712abb121\\\/\"]}]}<\/script>\n<!-- \/ Yoast SEO plugin. -->","yoast_head_json":{"title":"Notre Approche - Symbion Consulting Group","robots":{"index":"index","follow":"follow","max-snippet":"max-snippet:-1","max-image-preview":"max-image-preview:large","max-video-preview":"max-video-preview:-1"},"canonical":"https:\/\/www.symbion-int.com\/fr\/profile\/notre-approche\/","og_locale":"fr_FR","og_type":"article","og_title":"Notre Approche - Symbion Consulting Group","og_description":"Nous servons ceux qui souhaitent cr\u00e9er des espaces dans lesquels leur mode de vie et leurs moyens de subsistance peuvent prosp\u00e9rer, tout en embrassant et en ajoutant de la valeur au paysage Africain. &nbsp; L&rsquo;architecture africaine n&rsquo;est plus seulement une question de fonctionnalit\u00e9 et de rentabilit\u00e9. Nous croyons [&hellip;]","og_url":"https:\/\/www.symbion-int.com\/fr\/profile\/notre-approche\/","og_site_name":"Symbion Consulting Group","article_publisher":"https:\/\/www.facebook.com\/Symbion-Consulting-Group-320156054751160\/","article_modified_time":"2022-04-17T17:35:01+00:00","og_image":[{"width":1920,"height":1080,"url":"https:\/\/www.symbion-int.com\/wp-content\/uploads\/2019\/11\/skl-studio.jpg","type":"image\/jpeg"}],"twitter_card":"summary_large_image","twitter_site":"@SymbionCG","twitter_misc":{"Dur\u00e9e de lecture estim\u00e9e":"1 minute"},"schema":{"@context":"https:\/\/schema.org","@graph":[{"@type":"WebPage","@id":"https:\/\/www.symbion-int.com\/fr\/profile\/notre-approche\/","url":"https:\/\/www.symbion-int.com\/fr\/profile\/notre-approche\/","name":"Notre Approche - Symbion Consulting Group","isPartOf":{"@id":"https:\/\/www.symbion-int.com\/fr\/#website"},"primaryImageOfPage":{"@id":"https:\/\/www.symbion-int.com\/fr\/profile\/notre-approche\/#primaryimage"},"image":{"@id":"https:\/\/www.symbion-int.com\/fr\/profile\/notre-approche\/#primaryimage"},"thumbnailUrl":"https:\/\/www.symbion-int.com\/wp-content\/uploads\/2019\/11\/skl-studio.jpg","datePublished":"2019-11-14T08:10:30+00:00","dateModified":"2022-04-17T17:35:01+00:00","breadcrumb":{"@id":"https:\/\/www.symbion-int.com\/fr\/profile\/notre-approche\/#breadcrumb"},"inLanguage":"fr-FR","potentialAction":[{"@type":"ReadAction","target":["https:\/\/www.symbion-int.com\/fr\/profile\/notre-approche\/"]}]},{"@type":"ImageObject","inLanguage":"fr-FR","@id":"https:\/\/www.symbion-int.com\/fr\/profile\/notre-approche\/#primaryimage","url":"https:\/\/www.symbion-int.com\/wp-content\/uploads\/2019\/11\/skl-studio.jpg","contentUrl":"https:\/\/www.symbion-int.com\/wp-content\/uploads\/2019\/11\/skl-studio.jpg","width":1920,"height":1080},{"@type":"BreadcrumbList","@id":"https:\/\/www.symbion-int.com\/fr\/profile\/notre-approche\/#breadcrumb","itemListElement":[{"@type":"ListItem","position":1,"name":"Home","item":"https:\/\/www.symbion-int.com\/fr\/"},{"@type":"ListItem","position":2,"name":"Profil","item":"https:\/\/www.symbion-int.com\/fr\/profile\/"},{"@type":"ListItem","position":3,"name":"Notre Approche"}]},{"@type":"WebSite","@id":"https:\/\/www.symbion-int.com\/fr\/#website","url":"https:\/\/www.symbion-int.com\/fr\/","name":"Symbion Consulting Group","description":"Design Excellence","publisher":{"@id":"https:\/\/www.symbion-int.com\/fr\/#organization"},"potentialAction":[{"@type":"SearchAction","target":{"@type":"EntryPoint","urlTemplate":"https:\/\/www.symbion-int.com\/fr\/?s={search_term_string}"},"query-input":{"@type":"PropertyValueSpecification","valueRequired":true,"valueName":"search_term_string"}}],"inLanguage":"fr-FR"},{"@type":"Organization","@id":"https:\/\/www.symbion-int.com\/fr\/#organization","name":"Symbion Consulting Group","url":"https:\/\/www.symbion-int.com\/fr\/","logo":{"@type":"ImageObject","inLanguage":"fr-FR","@id":"https:\/\/www.symbion-int.com\/fr\/#\/schema\/logo\/image\/","url":"https:\/\/www.symbion-int.com\/wp-content\/uploads\/2022\/04\/logo.png","contentUrl":"https:\/\/www.symbion-int.com\/wp-content\/uploads\/2022\/04\/logo.png","width":182,"height":28,"caption":"Symbion Consulting Group"},"image":{"@id":"https:\/\/www.symbion-int.com\/fr\/#\/schema\/logo\/image\/"},"sameAs":["https:\/\/www.facebook.com\/Symbion-Consulting-Group-320156054751160\/","https:\/\/x.com\/SymbionCG","https:\/\/www.instagram.com\/symbion_consulting_group\/","https:\/\/www.linkedin.com\/in\/symbion-consulting-group-712abb121\/"]}]}},"_links":{"self":[{"href":"https:\/\/www.symbion-int.com\/fr\/wp-json\/wp\/v2\/pages\/2195","targetHints":{"allow":["GET"]}}],"collection":[{"href":"https:\/\/www.symbion-int.com\/fr\/wp-json\/wp\/v2\/pages"}],"about":[{"href":"https:\/\/www.symbion-int.com\/fr\/wp-json\/wp\/v2\/types\/page"}],"author":[{"embeddable":true,"href":"https:\/\/www.symbion-int.com\/fr\/wp-json\/wp\/v2\/users\/1"}],"replies":[{"embeddable":true,"href":"https:\/\/www.symbion-int.com\/fr\/wp-json\/wp\/v2\/comments?post=2195"}],"version-history":[{"count":2,"href":"https:\/\/www.symbion-int.com\/fr\/wp-json\/wp\/v2\/pages\/2195\/revisions"}],"predecessor-version":[{"id":2197,"href":"https:\/\/www.symbion-int.com\/fr\/wp-json\/wp\/v2\/pages\/2195\/revisions\/2197"}],"up":[{"embeddable":true,"href":"https:\/\/www.symbion-int.com\/fr\/wp-json\/wp\/v2\/pages\/1916"}],"wp:featuredmedia":[{"embeddable":true,"href":"https:\/\/www.symbion-int.com\/fr\/wp-json\/wp\/v2\/media\/1531"}],"wp:attachment":[{"href":"https:\/\/www.symbion-int.com\/fr\/wp-json\/wp\/v2\/media?parent=2195"}],"curies":[{"name":"wp","href":"https:\/\/api.w.org\/{rel}","templated":true}]}}